{"id":8,"date":"2022-10-20T17:03:26","date_gmt":"2022-10-20T17:03:26","guid":{"rendered":"https:\/\/www.t-n-t-music.de\/?page_id=8"},"modified":"2023-08-22T10:12:18","modified_gmt":"2023-08-22T10:12:18","slug":"uber-uns","status":"publish","type":"page","link":"https:\/\/www.t-n-t-music.de\/?page_id=8","title":{"rendered":"\u00dcber uns"},"content":{"rendered":"\n<div class=\"wp-block-group alignwide is-layout-flow wp-block-group-is-layout-flow\">\n<div class=\"wp-block-columns is-layout-flex wp-container-core-columns-is-layout-28f84493 wp-block-columns-is-layout-flex\">\n<div class=\"wp-block-column is-layout-flow wp-block-column-is-layout-flow\">\n<div class=\"wp-block-columns is-layout-flex wp-container-core-columns-is-layout-28f84493 wp-block-columns-is-layout-flex\">\n<div class=\"wp-block-column is-layout-flow wp-block-column-is-layout-flow\">\n<figure class=\"wp-block-image size-large\"><img loading=\"lazy\" decoding=\"async\" width=\"1024\" height=\"987\" src=\"https:\/\/www.t-n-t-music.de\/wp-content\/uploads\/2022\/10\/Tina2-1-1024x987.jpg\" alt=\"\" class=\"wp-image-15\" srcset=\"https:\/\/www.t-n-t-music.de\/wp-content\/uploads\/2022\/10\/Tina2-1-1024x987.jpg 1024w, https:\/\/www.t-n-t-music.de\/wp-content\/uploads\/2022\/10\/Tina2-1-300x289.jpg 300w\" sizes=\"auto, (max-width: 1024px) 100vw, 1024px\" \/><\/figure>\n<\/div>\n<\/div>\n<\/div>\n\n\n\n<div class=\"wp-block-column is-layout-flow wp-block-column-is-layout-flow\">\n<div class=\"wp-block-columns is-layout-flex wp-container-core-columns-is-layout-28f84493 wp-block-columns-is-layout-flex\">\n<div class=\"wp-block-column is-layout-flow wp-block-column-is-layout-flow\">\n<h2 class=\"wp-block-heading\">Tina Flamm<\/h2>\n\n\n\n<p>Beruf: Erzieherin<\/p>\n\n\n\n<p>Tina singt und spielt leidenschaftlich gerne Gitarre. Bei uns \u00fcbernimmt Sie die Planung von kirchlichen Veranstaltungen bis zur Durchf\u00fchrung der Gottesdienste. Auf der B\u00fchne ist Sie die Rampensau und unterh\u00e4lt das Publikum. Zudem unterst\u00fctzt Tina bei gr\u00f6\u00dferen Veranstaltungen bei Auf- und Abbau und \u00fcbernimmt die Betreuung von Ton- und Lichttechnik.<\/p>\n<\/div>\n<\/div>\n<\/div>\n<\/div>\n\n\n\n<div class=\"wp-block-columns is-layout-flex wp-container-core-columns-is-layout-28f84493 wp-block-columns-is-layout-flex\">\n<div class=\"wp-block-column is-layout-flow wp-block-column-is-layout-flow\">\n<h2 class=\"wp-block-heading\">Tobias B\u00fchler<\/h2>\n\n\n\n<p>Beruf: Embedded Software Engineer<\/p>\n\n\n\n<p>Tobi spielt Gitarre, Bass und Keyboards. Eine weitere Leidenschaft ist der perfekte Sound, so stellt er sich als Tontechniker f\u00fcr verschiedene Bands zur Verf\u00fcgung. Er verwaltet die Veranstaltungen und plant zusammen mit den Veranstaltern die technischen Details. Bei Partys findet man ihn ebenfalls hinter dem DJ-Pult.<\/p>\n<\/div>\n\n\n\n<div class=\"wp-block-column is-layout-flow wp-block-column-is-layout-flow\">\n<figure class=\"wp-block-image size-large\"><img loading=\"lazy\" decoding=\"async\" width=\"3072\" height=\"3076\" src=\"https:\/\/www.t-n-t-music.de\/wp-content\/uploads\/2022\/10\/tbu-edited.jpg\" alt=\"\" class=\"wp-image-18\" srcset=\"https:\/\/www.t-n-t-music.de\/wp-content\/uploads\/2022\/10\/tbu-edited.jpg 3072w, https:\/\/www.t-n-t-music.de\/wp-content\/uploads\/2022\/10\/tbu-edited-300x300.jpg 300w, https:\/\/www.t-n-t-music.de\/wp-content\/uploads\/2022\/10\/tbu-edited-1024x1024.jpg 1024w, https:\/\/www.t-n-t-music.de\/wp-content\/uploads\/2022\/10\/tbu-edited-150x150.jpg 150w\" sizes=\"auto, (max-width: 3072px) 100vw, 3072px\" \/><\/figure>\n<\/div>\n<\/div>\n<\/div>\n","protected":false},"excerpt":{"rendered":"<p>Tina Flamm Beruf: Erzieherin Tina singt und spielt leidenschaftlich gerne Gitarre. Bei uns \u00fcbernimmt Sie die Planung von kirchlichen Veranstaltungen bis zur Durchf\u00fchrung der Gottesdienste. Auf der B\u00fchne ist Sie die Rampensau und unterh\u00e4lt das Publikum. Zudem unterst\u00fctzt Tina bei gr\u00f6\u00dferen Veranstaltungen bei Auf- und Abbau und \u00fcbernimmt die Betreuung von Ton- und Lichttechnik. Tobias [&hellip;]<\/p>\n","protected":false},"author":1,"featured_media":0,"parent":2,"menu_order":1,"comment_status":"closed","ping_status":"closed","template":"","meta":{"footnotes":""},"class_list":["post-8","page","type-page","status-publish","hentry"],"_links":{"self":[{"href":"https:\/\/www.t-n-t-music.de\/index.php?rest_route=\/wp\/v2\/pages\/8","targetHints":{"allow":["GET"]}}],"collection":[{"href":"https:\/\/www.t-n-t-music.de\/index.php?rest_route=\/wp\/v2\/pages"}],"about":[{"href":"https:\/\/www.t-n-t-music.de\/index.php?rest_route=\/wp\/v2\/types\/page"}],"author":[{"embeddable":true,"href":"https:\/\/www.t-n-t-music.de\/index.php?rest_route=\/wp\/v2\/users\/1"}],"replies":[{"embeddable":true,"href":"https:\/\/www.t-n-t-music.de\/index.php?rest_route=%2Fwp%2Fv2%2Fcomments&post=8"}],"version-history":[{"count":4,"href":"https:\/\/www.t-n-t-music.de\/index.php?rest_route=\/wp\/v2\/pages\/8\/revisions"}],"predecessor-version":[{"id":53,"href":"https:\/\/www.t-n-t-music.de\/index.php?rest_route=\/wp\/v2\/pages\/8\/revisions\/53"}],"up":[{"embeddable":true,"href":"https:\/\/www.t-n-t-music.de\/index.php?rest_route=\/wp\/v2\/pages\/2"}],"wp:attachment":[{"href":"https:\/\/www.t-n-t-music.de\/index.php?rest_route=%2Fwp%2Fv2%2Fmedia&parent=8"}],"curies":[{"name":"wp","href":"https:\/\/api.w.org\/{rel}","templated":true}]}}