{"id":30,"date":"2022-10-20T17:22:28","date_gmt":"2022-10-20T17:22:28","guid":{"rendered":"https:\/\/www.t-n-t-music.de\/?page_id=30"},"modified":"2023-08-22T10:32:37","modified_gmt":"2023-08-22T10:32:37","slug":"kirchliche-feierlichkeiten","status":"publish","type":"page","link":"https:\/\/www.t-n-t-music.de\/?page_id=30","title":{"rendered":"Kirchliche Feierlichkeiten"},"content":{"rendered":"\n<div class=\"wp-block-columns alignfull are-vertically-aligned-top is-layout-flex wp-container-core-columns-is-layout-28f84493 wp-block-columns-is-layout-flex\">\n<div class=\"wp-block-column is-vertically-aligned-top is-layout-flow wp-block-column-is-layout-flow\" style=\"flex-basis:33.33%\">\n<h5 class=\"wp-block-heading\">Wir bieten ihnen die musikalische umrahmung ihrer kirchlichen Feierlichkeiten wie<\/h5>\n\n\n\n<ul class=\"wp-block-list\">\n<li>Taufe<\/li>\n\n\n\n<li>Hochzeit<\/li>\n\n\n\n<li>Gottesdienst<\/li>\n<\/ul>\n\n\n\n<p>Dabei entscheiden Sie, in welcher Form wir auftreten sollen. Es ist m\u00f6glich neben Gesang zwischen Gitarre oder Klavier auszuw\u00e4hlen. Falls Sie unsicher sind welches Instrument zu den gew\u00e4hlten Songs am Besten passt beraten wir Sie gerne.<\/p>\n<\/div>\n\n\n\n<div class=\"wp-block-column is-vertically-aligned-top is-layout-flow wp-block-column-is-layout-flow\" style=\"flex-basis:66.66%\"><\/div>\n<\/div>\n","protected":false},"excerpt":{"rendered":"<p>Wir bieten ihnen die musikalische umrahmung ihrer kirchlichen Feierlichkeiten wie Dabei entscheiden Sie, in welcher Form wir auftreten sollen. Es ist m\u00f6glich neben Gesang zwischen Gitarre oder Klavier auszuw\u00e4hlen. Falls Sie unsicher sind welches Instrument zu den gew\u00e4hlten Songs am Besten passt beraten wir Sie gerne.<\/p>\n","protected":false},"author":1,"featured_media":0,"parent":2,"menu_order":3,"comment_status":"closed","ping_status":"closed","template":"","meta":{"footnotes":""},"class_list":["post-30","page","type-page","status-publish","hentry"],"_links":{"self":[{"href":"https:\/\/www.t-n-t-music.de\/index.php?rest_route=\/wp\/v2\/pages\/30","targetHints":{"allow":["GET"]}}],"collection":[{"href":"https:\/\/www.t-n-t-music.de\/index.php?rest_route=\/wp\/v2\/pages"}],"about":[{"href":"https:\/\/www.t-n-t-music.de\/index.php?rest_route=\/wp\/v2\/types\/page"}],"author":[{"embeddable":true,"href":"https:\/\/www.t-n-t-music.de\/index.php?rest_route=\/wp\/v2\/users\/1"}],"replies":[{"embeddable":true,"href":"https:\/\/www.t-n-t-music.de\/index.php?rest_route=%2Fwp%2Fv2%2Fcomments&post=30"}],"version-history":[{"count":3,"href":"https:\/\/www.t-n-t-music.de\/index.php?rest_route=\/wp\/v2\/pages\/30\/revisions"}],"predecessor-version":[{"id":69,"href":"https:\/\/www.t-n-t-music.de\/index.php?rest_route=\/wp\/v2\/pages\/30\/revisions\/69"}],"up":[{"embeddable":true,"href":"https:\/\/www.t-n-t-music.de\/index.php?rest_route=\/wp\/v2\/pages\/2"}],"wp:attachment":[{"href":"https:\/\/www.t-n-t-music.de\/index.php?rest_route=%2Fwp%2Fv2%2Fmedia&parent=30"}],"curies":[{"name":"wp","href":"https:\/\/api.w.org\/{rel}","templated":true}]}}